{"id":821,"date":"2020-07-09T11:35:01","date_gmt":"2020-07-09T09:35:01","guid":{"rendered":"https:\/\/admin-candola.calandreta.net\/?page_id=472"},"modified":"2020-07-09T11:35:01","modified_gmt":"2020-07-09T09:35:01","slug":"fonctionnement","status":"publish","type":"page","link":"https:\/\/candola.establiment.fr\/?page_id=821","title":{"rendered":"Informations pratiques"},"content":{"rendered":"\n<p>L&rsquo;\u00e9cole Cand\u00f2la regroupe les \u00e9l\u00e8ves de la Petite section de Maternelle au CM2. Elle comprend 4 classes \u00e0 double niveaux (PS\/MS, GS\/CP, CE1\/CE2, CM1\/CM2).<\/p>\n\n\n\n<p>Les \u00e9coles Calandreta sont des \u00e9coles priv\u00e9es sous contrat d&rsquo;association avec l\u2019\u00c9tat. Les programmes sont ceux de l\u2019\u00c9ducation Nationale, les enseignants sont pay\u00e9s par l&rsquo;\u00c9tat. La formation des enseignants en revanche est assur\u00e9e par le centre de formation des \u00e9coles Calandreta <a href=\"https:\/\/aprene.org\/\" target=\"_blank\" rel=\"noreferrer noopener\">Aprene<\/a> <\/p>\n\n\n\n<p>L&rsquo;\u00e9cole Calandreta Cand\u00f2la fonctionne sur les m\u00eames horaires que les \u00e9coles de la ville avec les temps p\u00e9riscolaires. Voir les horaires <a href=\"https:\/\/www.montpellier.fr\/include\/viewFile.php?idtf=36899&amp;path=fd%2F36899_761_BD-GUIDE-PRATIQUE-ECOLES-A5-06-20-PP-v7.pdf\" target=\"_blank\" rel=\"noreferrer noopener\">ici<\/a>.<\/p>\n\n\n\n<p>La r\u00e9servation des temps p\u00e9riscolaire se fait par le <a href=\"https:\/\/www.montpellier.fr\/evenement\/25103\/3624-campagne-de-reservation-des-temps-periscolaires-et-de-la-restauration-scolaire.htm\" target=\"_blank\" rel=\"noreferrer noopener\">service Presto<\/a>.<\/p>\n\n\n\n<p>Le secr\u00e9tariat de l&rsquo;\u00e9cole fonctionne de 8h30 \u00e0 12h et de 14h \u00e0 17h30 du lundi au vendredi.<\/p>\n\n\n\n<p>La journ\u00e9e portes ouvertes \u00e0 lieu tous les ans \u00e0 la fin du mois de janvier. C\u2019est l\u2019occasion de pr\u00e9senter le projet de l\u2019\u00e9cole dans ses dimensions culturelles, associatives, p\u00e9dagogiques et linguistiques.<\/p>\n\n\n\n<p><strong>Pour se rendre \u00e0 l&rsquo;\u00e9cole :<\/strong><\/p>\n\n\n\n<figure><iframe src=\"https:\/\/www.google.com\/maps\/embed?pb=!1m18!1m12!1m3!1d180.5446497349586!2d3.875491358075254!3d43.61248793733428!2m3!1f0!2f0!3f0!3m2!1i1024!2i768!4f13.1!3m3!1m2!1s0x12b6af0878991661%3A0xb9354d232f72bb63!2s2%20Rue%20d'Aigrefeuille%2C%2034000%20Montpellier!5e0!3m2!1sfr!2sfr!4v1620228750166!5m2!1sfr!2sfr\" width=\"800\" height=\"600\" allowfullscreen=\"\"><\/iframe><\/figure>\n\n\n\n<p><br><strong>Pour aller plus loin sur le mouvement des Calandretas<\/strong> :<\/p>\n\n\n\n<ul class=\"wp-block-list\"><li><a rel=\"noreferrer noopener\" href=\"http:\/\/calandreta.org\/fr\/accueil\/\" target=\"_blank\">Confederacion de las Calandretas<\/a><\/li><li><a href=\"http:\/\/calandreta.org\/fr\/charte-des-calandretas\/\" target=\"_blank\" rel=\"noreferrer noopener\">La charte des Calandretas<\/a><\/li><\/ul>\n\n\n\n<p><strong>Quelques liens pour faire un pas vers des medias en occitan :<\/strong><\/p>\n\n\n\n<ul class=\"wp-block-list\"><li><a rel=\"noreferrer noopener\" href=\"https:\/\/www.octele.com\/\" target=\"_blank\">\u00d2C tele<\/a><\/li><li><a rel=\"noreferrer noopener\" href=\"https:\/\/france3-regions.francetvinfo.fr\/occitanie\/emissions\/viure-al-pais-0\" target=\"_blank\">France 3 (r\u00e9gion Occitanie)<\/a><\/li><li><a rel=\"noreferrer noopener\" href=\"https:\/\/radiolengadoc.com\/\" target=\"_blank\">R\u00e0dio Lenga d&rsquo;\u00d2c<\/a><\/li><li><a href=\"https:\/\/www.jornalet.com\/\" target=\"_blank\" rel=\"noreferrer noopener\">Jornalet : gaseta occitana d&rsquo;informacions<\/a><a rel=\"noreferrer noopener\" href=\"https:\/\/radiolengadoc.com\/\" target=\"_blank\"><br><\/a><\/li><\/ul>\n\n\n\n<p><\/p>\n","protected":false},"excerpt":{"rendered":"<p>L&rsquo;\u00e9cole Cand\u00f2la regroupe les \u00e9l\u00e8ves de la Petite section de Maternelle au CM2. Elle comprend 4 classes \u00e0 double niveaux &hellip; <\/p>\n","protected":false},"author":2,"featured_media":0,"parent":0,"menu_order":0,"comment_status":"closed","ping_status":"closed","template":"","meta":{"footnotes":""},"class_list":["post-821","page","type-page","status-publish","hentry"],"_links":{"self":[{"href":"https:\/\/candola.establiment.fr\/index.php?rest_route=\/wp\/v2\/pages\/821"}],"collection":[{"href":"https:\/\/candola.establiment.fr\/index.php?rest_route=\/wp\/v2\/pages"}],"about":[{"href":"https:\/\/candola.establiment.fr\/index.php?rest_route=\/wp\/v2\/types\/page"}],"author":[{"embeddable":true,"href":"https:\/\/candola.establiment.fr\/index.php?rest_route=\/wp\/v2\/users\/2"}],"replies":[{"embeddable":true,"href":"https:\/\/candola.establiment.fr\/index.php?rest_route=%2Fwp%2Fv2%2Fcomments&post=821"}],"version-history":[{"count":0,"href":"https:\/\/candola.establiment.fr\/index.php?rest_route=\/wp\/v2\/pages\/821\/revisions"}],"wp:attachment":[{"href":"https:\/\/candola.establiment.fr\/index.php?rest_route=%2Fwp%2Fv2%2Fmedia&parent=821"}],"curies":[{"name":"wp","href":"https:\/\/api.w.org\/{rel}","templated":true}]}}